{"id":6060,"date":"2025-07-22T09:46:57","date_gmt":"2025-07-22T02:46:57","guid":{"rendered":"https:\/\/yuha.com.vn\/?post_type=product&#038;p=6060"},"modified":"2025-07-22T15:16:41","modified_gmt":"2025-07-22T08:16:41","slug":"shan-tuyet-yuzu","status":"publish","type":"product","link":"https:\/\/yuha.com.vn\/index.php\/san-pham\/shan-tuyet-yuzu\/","title":{"rendered":"Shan Tuy\u1ebft Yuzu"},"content":{"rendered":"<p><strong>T\u00ean s\u1ea3n ph\u1ea9m:<\/strong> Shan Tuy\u1ebft Yuzu<\/p>\n<p><strong>Th\u00e0nh ph\u1ea7n:<\/strong> Shan Tuy\u1ebft, Yuzu, Th\u1ea1ch L\u00ea<\/p>\n<p><strong>M\u00f4 t\u1ea3:<\/strong> Yuzu l\u00e0 m\u1ed9t lo\u1ea1i qu\u1ea3 t\u1eeb Nh\u1eadt B\u1ea3n c\u00f9ng h\u1ecd v\u1edbi qu\u00fdt, h\u01b0\u01a1ng v\u1ecb n\u01b0\u1edbc u\u1ed1ng t\u1eeb qu\u1ea3 Yuzu s\u1ebd mang l\u1ea1i h\u01b0\u01a1ng v\u1ecb chua chua ng\u1ecdt ng\u1ecdt c\u1ef1c ngon, k\u1ebft h\u1ee3p v\u1edbi th\u1ea1ch L\u00ea t\u0103ng \u0111\u1ed9 thanh m\u00e1t, th\u1ea1ch l\u00ea trong su\u1ed1t \u0103n v\u1ecb vui mi\u1ec7ng<\/p>\n","protected":false},"excerpt":{"rendered":"<p>T\u00ean s\u1ea3n ph\u1ea9m: Shan Tuy\u1ebft Yuzu Th\u00e0nh ph\u1ea7n: Shan Tuy\u1ebft, Yuzu, Th\u1ea1ch L\u00ea M\u00f4 t\u1ea3: Yuzu l\u00e0 m\u1ed9t lo\u1ea1i qu\u1ea3 t\u1eeb Nh\u1eadt B\u1ea3n c\u00f9ng h\u1ecd v\u1edbi qu\u00fdt, h\u01b0\u01a1ng v\u1ecb n\u01b0\u1edbc u\u1ed1ng t\u1eeb qu\u1ea3 Yuzu s\u1ebd mang l\u1ea1i h\u01b0\u01a1ng v\u1ecb chua chua ng\u1ecdt ng\u1ecdt c\u1ef1c ngon, k\u1ebft h\u1ee3p v\u1edbi th\u1ea1ch L\u00ea t\u0103ng \u0111\u1ed9 thanh m\u00e1t, th\u1ea1ch [&hellip;]<\/p>\n","protected":false},"featured_media":6066,"comment_status":"open","ping_status":"closed","template":"","meta":[],"product_brand":[63],"product_cat":[56],"product_tag":[],"class_list":{"0":"post-6060","1":"product","2":"type-product","3":"status-publish","4":"has-post-thumbnail","6":"product_brand-yuha-tea","7":"product_cat-shan-tuyet","9":"first","10":"instock","11":"sale","12":"shipping-taxable","13":"purchasable","14":"product-type-simple"},"jetpack_sharing_enabled":true,"_links":{"self":[{"href":"https:\/\/yuha.com.vn\/index.php\/wp-json\/wp\/v2\/product\/6060","targetHints":{"allow":["GET"]}}],"collection":[{"href":"https:\/\/yuha.com.vn\/index.php\/wp-json\/wp\/v2\/product"}],"about":[{"href":"https:\/\/yuha.com.vn\/index.php\/wp-json\/wp\/v2\/types\/product"}],"replies":[{"embeddable":true,"href":"https:\/\/yuha.com.vn\/index.php\/wp-json\/wp\/v2\/comments?post=6060"}],"version-history":[{"count":2,"href":"https:\/\/yuha.com.vn\/index.php\/wp-json\/wp\/v2\/product\/6060\/revisions"}],"predecessor-version":[{"id":6067,"href":"https:\/\/yuha.com.vn\/index.php\/wp-json\/wp\/v2\/product\/6060\/revisions\/6067"}],"wp:featuredmedia":[{"embeddable":true,"href":"https:\/\/yuha.com.vn\/index.php\/wp-json\/wp\/v2\/media\/6066"}],"wp:attachment":[{"href":"https:\/\/yuha.com.vn\/index.php\/wp-json\/wp\/v2\/media?parent=6060"}],"wp:term":[{"taxonomy":"product_brand","embeddable":true,"href":"https:\/\/yuha.com.vn\/index.php\/wp-json\/wp\/v2\/product_brand?post=6060"},{"taxonomy":"product_cat","embeddable":true,"href":"https:\/\/yuha.com.vn\/index.php\/wp-json\/wp\/v2\/product_cat?post=6060"},{"taxonomy":"product_tag","embeddable":true,"href":"https:\/\/yuha.com.vn\/index.php\/wp-json\/wp\/v2\/product_tag?post=6060"}],"curies":[{"name":"wp","href":"https:\/\/api.w.org\/{rel}","templated":true}]}}