{"id":6030,"date":"2025-07-21T15:46:23","date_gmt":"2025-07-21T08:46:23","guid":{"rendered":"https:\/\/yuha.com.vn\/?post_type=product&#038;p=6030"},"modified":"2025-07-28T09:55:39","modified_gmt":"2025-07-28T02:55:39","slug":"olong-sua-que-hoa","status":"publish","type":"product","link":"https:\/\/yuha.com.vn\/index.php\/san-pham\/olong-sua-que-hoa\/","title":{"rendered":"Olong S\u1eefa Qu\u1ebf Hoa"},"content":{"rendered":"<p><strong>T\u00ean s\u1ea3n ph\u1ea9m:<\/strong> Olong S\u1eefa Qu\u1ebf Hoa<\/p>\n<p><strong>Th\u00e0nh ph\u1ea7n:<\/strong> Olong s\u1eefa pha m\u00e1y, qu\u1ebf hoa, tr\u00e2n ch\u00e2u olong<\/p>\n<p><strong>M\u00f4 t\u1ea3:<\/strong> Yuha lu\u00f4n ti\u00ean phong \u0111i \u0111\u1ea7u v\u1edbi c\u00f4ng ngh\u1ec7 tr\u00e0 s\u1eefa pha m\u00e1y hi\u1ec7n \u0111\u1ea1i, c\u00f4ng ngh\u1ec7 n\u00e0y \u0111\u00e3 \u0111\u01b0\u1ee3c Yuha s\u1eed d\u1ee5ng trong b\u1ed9 s\u01b0u t\u1eadp l\u1ea7n n\u00e0y, b\u1ed9 s\u01b0u t\u1eadp Olong S\u1eefa Qu\u1ebf Hoa, th\u01b0\u1edfng th\u1ee9c ly tr\u00e0 ngon th\u00ec nguy\u00ean li\u1ec7u l\u00e0 m\u1ed9t ph\u1ea7n quan tr\u1ecdng. Olong S\u1eefa Qu\u1ebf Hoa l\u00e0 m\u1ed9t trong nh\u1eefng m\u00f3n mang h\u01b0\u01a1ng v\u1ecb tinh hoa k\u1ebft h\u1ee3p t\u1eeb olong s\u1eefa pha m\u00e1y c\u00f9ng v\u1edbi n\u01b0\u1edbc c\u1ed1t qu\u1ebf hoa c\u00f4 \u0111\u1eb7c mang l\u1ea1i h\u01b0\u01a1ng th\u01a1m ng\u1ecdt ng\u00e0o v\u00e0 ch\u00e1t nh\u1eb9 c\u1ee7a olong mang h\u01b0\u01a1ng v\u1ecb \u0111\u1eadm tr\u00e0. Tr\u00e2n ch\u00e2u olong l\u00e0 m\u1ed9t trong nh\u1eefng y\u1ebfu t\u1ed1 t\u0103ng th\u00eam \u0111\u1ed9 ngon c\u1ee7a Olong s\u1eefa qu\u1ebf hoa, tr\u00e2n ch\u00e2u olong v\u1eeba ngon, v\u1eeba nhai \u0103n c\u1ef1c k\u00ec vui mi\u1ec7ng.<\/p>\n","protected":false},"excerpt":{"rendered":"<p>T\u00ean s\u1ea3n ph\u1ea9m: Olong S\u1eefa Qu\u1ebf Hoa Th\u00e0nh ph\u1ea7n: Olong s\u1eefa pha m\u00e1y, qu\u1ebf hoa, tr\u00e2n ch\u00e2u olong M\u00f4 t\u1ea3: Yuha lu\u00f4n ti\u00ean phong \u0111i \u0111\u1ea7u v\u1edbi c\u00f4ng ngh\u1ec7 tr\u00e0 s\u1eefa pha m\u00e1y hi\u1ec7n \u0111\u1ea1i, c\u00f4ng ngh\u1ec7 n\u00e0y \u0111\u00e3 \u0111\u01b0\u1ee3c Yuha s\u1eed d\u1ee5ng trong b\u1ed9 s\u01b0u t\u1eadp l\u1ea7n n\u00e0y, b\u1ed9 s\u01b0u t\u1eadp Olong S\u1eefa Qu\u1ebf [&hellip;]<\/p>\n","protected":false},"featured_media":6101,"comment_status":"open","ping_status":"closed","template":"","meta":[],"product_brand":[63],"product_cat":[54],"product_tag":[],"class_list":{"0":"post-6030","1":"product","2":"type-product","3":"status-publish","4":"has-post-thumbnail","6":"product_brand-yuha-tea","7":"product_cat-olong-que-hoa","9":"first","10":"instock","11":"sale","12":"shipping-taxable","13":"purchasable","14":"product-type-simple"},"jetpack_sharing_enabled":true,"_links":{"self":[{"href":"https:\/\/yuha.com.vn\/index.php\/wp-json\/wp\/v2\/product\/6030","targetHints":{"allow":["GET"]}}],"collection":[{"href":"https:\/\/yuha.com.vn\/index.php\/wp-json\/wp\/v2\/product"}],"about":[{"href":"https:\/\/yuha.com.vn\/index.php\/wp-json\/wp\/v2\/types\/product"}],"replies":[{"embeddable":true,"href":"https:\/\/yuha.com.vn\/index.php\/wp-json\/wp\/v2\/comments?post=6030"}],"version-history":[{"count":3,"href":"https:\/\/yuha.com.vn\/index.php\/wp-json\/wp\/v2\/product\/6030\/revisions"}],"predecessor-version":[{"id":6106,"href":"https:\/\/yuha.com.vn\/index.php\/wp-json\/wp\/v2\/product\/6030\/revisions\/6106"}],"wp:featuredmedia":[{"embeddable":true,"href":"https:\/\/yuha.com.vn\/index.php\/wp-json\/wp\/v2\/media\/6101"}],"wp:attachment":[{"href":"https:\/\/yuha.com.vn\/index.php\/wp-json\/wp\/v2\/media?parent=6030"}],"wp:term":[{"taxonomy":"product_brand","embeddable":true,"href":"https:\/\/yuha.com.vn\/index.php\/wp-json\/wp\/v2\/product_brand?post=6030"},{"taxonomy":"product_cat","embeddable":true,"href":"https:\/\/yuha.com.vn\/index.php\/wp-json\/wp\/v2\/product_cat?post=6030"},{"taxonomy":"product_tag","embeddable":true,"href":"https:\/\/yuha.com.vn\/index.php\/wp-json\/wp\/v2\/product_tag?post=6030"}],"curies":[{"name":"wp","href":"https:\/\/api.w.org\/{rel}","templated":true}]}}