{"id":6009,"date":"2025-07-21T11:01:43","date_gmt":"2025-07-21T04:01:43","guid":{"rendered":"https:\/\/yuha.com.vn\/?post_type=product&#038;p=6009"},"modified":"2025-07-28T10:14:18","modified_gmt":"2025-07-28T03:14:18","slug":"hong-tra-kem-trung-yuha","status":"publish","type":"product","link":"https:\/\/yuha.com.vn\/index.php\/san-pham\/hong-tra-kem-trung-yuha\/","title":{"rendered":"H\u1ed3ng Tr\u00e0 Kem Tr\u1ee9ng Yuha"},"content":{"rendered":"<p><strong>T\u00ean s\u1ea3n ph\u1ea9m:<\/strong> H\u1ed3ng Tr\u00e0 Kem Tr\u1ee9ng Yuha<\/p>\n<p><strong>Th\u00e0nh ph\u1ea7n:<\/strong> Tr\u00e0 \u0111en, s\u1eefa, kem tr\u1ee9ng<\/p>\n<p><strong>M\u00f4 t\u1ea3:<\/strong> M\u1ed9t s\u1ef1 k\u1ebft h\u1ee3p th\u00fa v\u1ecb gi\u1eefa tr\u00e0 \u0111en, kem tr\u1ee9ng b\u00e9o ng\u1eady t\u1ea1o n\u00ean h\u01b0\u01a1ng v\u1ecb c\u1ef1c k\u00ec cu\u1ed1n h\u00fat. V\u1edbi c\u00f4ng th\u1ee9c ri\u00eang v\u00e0 c\u00f4ng ngh\u1ec7 pha m\u00e1y t\u1ea1o n\u00ean h\u01b0\u01a1ng v\u1ecb tuy\u1ec7t h\u1ea3o!<\/p>\n","protected":false},"excerpt":{"rendered":"<p>T\u00ean s\u1ea3n ph\u1ea9m: H\u1ed3ng Tr\u00e0 Kem Tr\u1ee9ng Yuha Th\u00e0nh ph\u1ea7n: Tr\u00e0 \u0111en, s\u1eefa, kem tr\u1ee9ng M\u00f4 t\u1ea3: M\u1ed9t s\u1ef1 k\u1ebft h\u1ee3p th\u00fa v\u1ecb gi\u1eefa tr\u00e0 \u0111en, kem tr\u1ee9ng b\u00e9o ng\u1eady t\u1ea1o n\u00ean h\u01b0\u01a1ng v\u1ecb c\u1ef1c k\u00ec cu\u1ed1n h\u00fat. V\u1edbi c\u00f4ng th\u1ee9c ri\u00eang v\u00e0 c\u00f4ng ngh\u1ec7 pha m\u00e1y t\u1ea1o n\u00ean h\u01b0\u01a1ng v\u1ecb tuy\u1ec7t h\u1ea3o!<\/p>\n","protected":false},"featured_media":6113,"comment_status":"open","ping_status":"closed","template":"","meta":[],"product_brand":[63],"product_cat":[53],"product_tag":[],"class_list":{"0":"post-6009","1":"product","2":"type-product","3":"status-publish","4":"has-post-thumbnail","6":"product_brand-yuha-tea","7":"product_cat-tra-dam-vi","9":"first","10":"instock","11":"sale","12":"shipping-taxable","13":"purchasable","14":"product-type-simple"},"jetpack_sharing_enabled":true,"_links":{"self":[{"href":"https:\/\/yuha.com.vn\/index.php\/wp-json\/wp\/v2\/product\/6009","targetHints":{"allow":["GET"]}}],"collection":[{"href":"https:\/\/yuha.com.vn\/index.php\/wp-json\/wp\/v2\/product"}],"about":[{"href":"https:\/\/yuha.com.vn\/index.php\/wp-json\/wp\/v2\/types\/product"}],"replies":[{"embeddable":true,"href":"https:\/\/yuha.com.vn\/index.php\/wp-json\/wp\/v2\/comments?post=6009"}],"version-history":[{"count":4,"href":"https:\/\/yuha.com.vn\/index.php\/wp-json\/wp\/v2\/product\/6009\/revisions"}],"predecessor-version":[{"id":6116,"href":"https:\/\/yuha.com.vn\/index.php\/wp-json\/wp\/v2\/product\/6009\/revisions\/6116"}],"wp:featuredmedia":[{"embeddable":true,"href":"https:\/\/yuha.com.vn\/index.php\/wp-json\/wp\/v2\/media\/6113"}],"wp:attachment":[{"href":"https:\/\/yuha.com.vn\/index.php\/wp-json\/wp\/v2\/media?parent=6009"}],"wp:term":[{"taxonomy":"product_brand","embeddable":true,"href":"https:\/\/yuha.com.vn\/index.php\/wp-json\/wp\/v2\/product_brand?post=6009"},{"taxonomy":"product_cat","embeddable":true,"href":"https:\/\/yuha.com.vn\/index.php\/wp-json\/wp\/v2\/product_cat?post=6009"},{"taxonomy":"product_tag","embeddable":true,"href":"https:\/\/yuha.com.vn\/index.php\/wp-json\/wp\/v2\/product_tag?post=6009"}],"curies":[{"name":"wp","href":"https:\/\/api.w.org\/{rel}","templated":true}]}}