{"id":6005,"date":"2025-07-21T10:56:35","date_gmt":"2025-07-21T03:56:35","guid":{"rendered":"https:\/\/yuha.com.vn\/?post_type=product&#038;p=6005"},"modified":"2025-07-28T10:18:32","modified_gmt":"2025-07-28T03:18:32","slug":"olong-nhi-moc-matcha","status":"publish","type":"product","link":"https:\/\/yuha.com.vn\/index.php\/san-pham\/olong-nhi-moc-matcha\/","title":{"rendered":"\u00d4long Nhi M\u1ed9c Matcha"},"content":{"rendered":"<p><strong>T\u00ean s\u1ea3n ph\u1ea9m:<\/strong> Olong Nhi M\u1ed9c Matcha<\/p>\n<p><strong>Th\u00e0nh ph\u1ea7n:<\/strong> Olong pha m\u00e1y, matcha, pudding matcha<\/p>\n<p><strong>M\u00f4 t\u1ea3:<\/strong> Yuha ti\u00ean phong tr\u00e0 s\u1eefa pha m\u00e1y v\u1edbi c\u00f4ng ngh\u1ec7 pha m\u00e1y \u0111\u1eb7c bi\u1ec7t n\u00ean h\u01b0\u01a1ng v\u1ecb c\u1ee7a Olong Nhi M\u1ed9c Matcha c\u1ef1c k\u00ec \u0111\u1eadm v\u1ecb, chu\u1ea9n gu. K\u1ebft h\u1ee3p v\u1edbi b\u1ed9t matcha nh\u1eadt b\u1ea3n t\u0103ng th\u00eam \u0111\u1ed9 ngon v\u00e0 c\u1ef1c th\u01a1m m\u00f9i matcha Nh\u1eadt. Ch\u01b0a h\u1ebft c\u00f2n c\u00f3 c\u1ea3 Topping Pudding Matcha t\u0103ng th\u00eam \u0111\u1ed9 ngon, c\u1ef1c cu\u1ed1n.<\/p>\n","protected":false},"excerpt":{"rendered":"<p>T\u00ean s\u1ea3n ph\u1ea9m: Olong Nhi M\u1ed9c Matcha Th\u00e0nh ph\u1ea7n: Olong pha m\u00e1y, matcha, pudding matcha M\u00f4 t\u1ea3: Yuha ti\u00ean phong tr\u00e0 s\u1eefa pha m\u00e1y v\u1edbi c\u00f4ng ngh\u1ec7 pha m\u00e1y \u0111\u1eb7c bi\u1ec7t n\u00ean h\u01b0\u01a1ng v\u1ecb c\u1ee7a Olong Nhi M\u1ed9c Matcha c\u1ef1c k\u00ec \u0111\u1eadm v\u1ecb, chu\u1ea9n gu. K\u1ebft h\u1ee3p v\u1edbi b\u1ed9t matcha nh\u1eadt b\u1ea3n t\u0103ng th\u00eam \u0111\u1ed9 [&hellip;]<\/p>\n","protected":false},"featured_media":5988,"comment_status":"open","ping_status":"closed","template":"","meta":[],"product_brand":[63],"product_cat":[53],"product_tag":[],"class_list":{"0":"post-6005","1":"product","2":"type-product","3":"status-publish","4":"has-post-thumbnail","6":"product_brand-yuha-tea","7":"product_cat-tra-dam-vi","9":"first","10":"instock","11":"sale","12":"shipping-taxable","13":"purchasable","14":"product-type-simple"},"jetpack_sharing_enabled":true,"_links":{"self":[{"href":"https:\/\/yuha.com.vn\/index.php\/wp-json\/wp\/v2\/product\/6005","targetHints":{"allow":["GET"]}}],"collection":[{"href":"https:\/\/yuha.com.vn\/index.php\/wp-json\/wp\/v2\/product"}],"about":[{"href":"https:\/\/yuha.com.vn\/index.php\/wp-json\/wp\/v2\/types\/product"}],"replies":[{"embeddable":true,"href":"https:\/\/yuha.com.vn\/index.php\/wp-json\/wp\/v2\/comments?post=6005"}],"version-history":[{"count":2,"href":"https:\/\/yuha.com.vn\/index.php\/wp-json\/wp\/v2\/product\/6005\/revisions"}],"predecessor-version":[{"id":6119,"href":"https:\/\/yuha.com.vn\/index.php\/wp-json\/wp\/v2\/product\/6005\/revisions\/6119"}],"wp:featuredmedia":[{"embeddable":true,"href":"https:\/\/yuha.com.vn\/index.php\/wp-json\/wp\/v2\/media\/5988"}],"wp:attachment":[{"href":"https:\/\/yuha.com.vn\/index.php\/wp-json\/wp\/v2\/media?parent=6005"}],"wp:term":[{"taxonomy":"product_brand","embeddable":true,"href":"https:\/\/yuha.com.vn\/index.php\/wp-json\/wp\/v2\/product_brand?post=6005"},{"taxonomy":"product_cat","embeddable":true,"href":"https:\/\/yuha.com.vn\/index.php\/wp-json\/wp\/v2\/product_cat?post=6005"},{"taxonomy":"product_tag","embeddable":true,"href":"https:\/\/yuha.com.vn\/index.php\/wp-json\/wp\/v2\/product_tag?post=6005"}],"curies":[{"name":"wp","href":"https:\/\/api.w.org\/{rel}","templated":true}]}}