{"id":6001,"date":"2025-07-21T10:52:50","date_gmt":"2025-07-21T03:52:50","guid":{"rendered":"https:\/\/yuha.com.vn\/?post_type=product&#038;p=6001"},"modified":"2025-07-28T10:20:01","modified_gmt":"2025-07-28T03:20:01","slug":"hong-tra-tu-sa","status":"publish","type":"product","link":"https:\/\/yuha.com.vn\/index.php\/san-pham\/hong-tra-tu-sa\/","title":{"rendered":"H\u1ed3ng Tr\u00e0 T\u1eed Sa"},"content":{"rendered":"<p><strong>T\u00ean s\u1ea3n ph\u1ea9m:<\/strong> H\u1ed3ng Tr\u00e0 T\u1eed Sa<\/p>\n<p><strong>Th\u00e0nh ph\u1ea7n:<\/strong> H\u1ed3ng tr\u00e0 s\u1eefa<\/p>\n<p><strong>M\u00f4 t\u1ea3:<\/strong> Yuha ti\u00ean phong tr\u00e0 s\u1eefa pha m\u00e1y v\u1edbi c\u00f4ng ngh\u1ec7 pha m\u00e1y \u0111\u1eb7c bi\u1ec7t. Ai gu \u0111\u1eadm tr\u00e0 ch\u1eafc ch\u1eafn l\u00e0 gu Yuha, tr\u00e0 c\u1ee7a yuha l\u00e0 tr\u00e0 nguy\u00ean ch\u1ea5t v\u1edbi c\u00f4ng th\u1ee9c ri\u00eang v\u1eeba \u0111\u1eadm th\u01a1m tr\u00e0 v\u1eeba ngon. H\u1ed3ng tr\u00e0 t\u1eed sa \u0111\u01b0\u1ee3c l\u00e0m t\u1eeb h\u1ed3ng tr\u00e0 s\u1eefa h\u01b0\u01a1ng v\u1ecb tr\u00e0 s\u1eefa pha m\u00e1y s\u1ebd gi\u00fap t\u0103ng th\u00eam \u0111\u1ed9 ngon, \u0111\u1ed9 h\u00f2a quy\u1ec7n c\u1ee7a H\u1ed3ng tr\u00e0 s\u1eefa \u0111\u00e1nh d\u1eady v\u1ecb gi\u00e1c<\/p>\n","protected":false},"excerpt":{"rendered":"<p>T\u00ean s\u1ea3n ph\u1ea9m: H\u1ed3ng Tr\u00e0 T\u1eed Sa Th\u00e0nh ph\u1ea7n: H\u1ed3ng tr\u00e0 s\u1eefa M\u00f4 t\u1ea3: Yuha ti\u00ean phong tr\u00e0 s\u1eefa pha m\u00e1y v\u1edbi c\u00f4ng ngh\u1ec7 pha m\u00e1y \u0111\u1eb7c bi\u1ec7t. Ai gu \u0111\u1eadm tr\u00e0 ch\u1eafc ch\u1eafn l\u00e0 gu Yuha, tr\u00e0 c\u1ee7a yuha l\u00e0 tr\u00e0 nguy\u00ean ch\u1ea5t v\u1edbi c\u00f4ng th\u1ee9c ri\u00eang v\u1eeba \u0111\u1eadm th\u01a1m tr\u00e0 v\u1eeba ngon. H\u1ed3ng [&hellip;]<\/p>\n","protected":false},"featured_media":6114,"comment_status":"open","ping_status":"closed","template":"","meta":[],"product_brand":[63],"product_cat":[53],"product_tag":[],"class_list":{"0":"post-6001","1":"product","2":"type-product","3":"status-publish","4":"has-post-thumbnail","6":"product_brand-yuha-tea","7":"product_cat-tra-dam-vi","9":"first","10":"instock","11":"sale","12":"shipping-taxable","13":"purchasable","14":"product-type-simple"},"jetpack_sharing_enabled":true,"_links":{"self":[{"href":"https:\/\/yuha.com.vn\/index.php\/wp-json\/wp\/v2\/product\/6001","targetHints":{"allow":["GET"]}}],"collection":[{"href":"https:\/\/yuha.com.vn\/index.php\/wp-json\/wp\/v2\/product"}],"about":[{"href":"https:\/\/yuha.com.vn\/index.php\/wp-json\/wp\/v2\/types\/product"}],"replies":[{"embeddable":true,"href":"https:\/\/yuha.com.vn\/index.php\/wp-json\/wp\/v2\/comments?post=6001"}],"version-history":[{"count":4,"href":"https:\/\/yuha.com.vn\/index.php\/wp-json\/wp\/v2\/product\/6001\/revisions"}],"predecessor-version":[{"id":6118,"href":"https:\/\/yuha.com.vn\/index.php\/wp-json\/wp\/v2\/product\/6001\/revisions\/6118"}],"wp:featuredmedia":[{"embeddable":true,"href":"https:\/\/yuha.com.vn\/index.php\/wp-json\/wp\/v2\/media\/6114"}],"wp:attachment":[{"href":"https:\/\/yuha.com.vn\/index.php\/wp-json\/wp\/v2\/media?parent=6001"}],"wp:term":[{"taxonomy":"product_brand","embeddable":true,"href":"https:\/\/yuha.com.vn\/index.php\/wp-json\/wp\/v2\/product_brand?post=6001"},{"taxonomy":"product_cat","embeddable":true,"href":"https:\/\/yuha.com.vn\/index.php\/wp-json\/wp\/v2\/product_cat?post=6001"},{"taxonomy":"product_tag","embeddable":true,"href":"https:\/\/yuha.com.vn\/index.php\/wp-json\/wp\/v2\/product_tag?post=6001"}],"curies":[{"name":"wp","href":"https:\/\/api.w.org\/{rel}","templated":true}]}}