{"id":5999,"date":"2025-07-21T10:48:58","date_gmt":"2025-07-21T03:48:58","guid":{"rendered":"https:\/\/yuha.com.vn\/?post_type=product&#038;p=5999"},"modified":"2025-07-28T10:34:47","modified_gmt":"2025-07-28T03:34:47","slug":"olong-tuy-vi","status":"publish","type":"product","link":"https:\/\/yuha.com.vn\/index.php\/san-pham\/olong-tuy-vi\/","title":{"rendered":"\u00d4long Tu\u00fd V\u1ecb"},"content":{"rendered":"<p><strong>T\u00ean s\u1ea3n ph\u1ea9m:<\/strong> \u00d4long T\u00fay V\u1ecb<\/p>\n<p><strong>Th\u00e0nh ph\u1ea7n:<\/strong> Olong s\u1eefa pha m\u00e1y, kem mu\u1ed1i<\/p>\n<p><strong>M\u00f4 t\u1ea3:<\/strong> Yuha ti\u00ean phong tr\u00e0 s\u1eefa pha m\u00e1y v\u1edbi c\u00f4ng ngh\u1ec7 pha m\u00e1y \u0111\u1eb7c bi\u1ec7t. Olong T\u00fay V\u1ecb \u0111\u01b0\u1ee3c l\u00e0m t\u1eeb Olong s\u1eefa nguy\u00ean ch\u1ea5t c\u1ef1c k\u00ec \u0111\u1eadm tr\u00e0, ai m\u00ea \u0111\u1eadm tr\u00e0 ch\u1eafc h\u1eb3n s\u1ebd r\u1ea5t m\u00ea m\u00f3n n\u00e0y, k\u1ebft h\u1ee3p v\u1edbi l\u1edbp kem mu\u1ed1i mang l\u1ea1i h\u01b0\u01a1ng v\u1ecb b\u00e9o b\u00e9o, c\u1ef1c ngon<\/p>\n","protected":false},"excerpt":{"rendered":"<p>T\u00ean s\u1ea3n ph\u1ea9m: \u00d4long T\u00fay V\u1ecb Th\u00e0nh ph\u1ea7n: Olong s\u1eefa pha m\u00e1y, kem mu\u1ed1i M\u00f4 t\u1ea3: Yuha ti\u00ean phong tr\u00e0 s\u1eefa pha m\u00e1y v\u1edbi c\u00f4ng ngh\u1ec7 pha m\u00e1y \u0111\u1eb7c bi\u1ec7t. Olong T\u00fay V\u1ecb \u0111\u01b0\u1ee3c l\u00e0m t\u1eeb Olong s\u1eefa nguy\u00ean ch\u1ea5t c\u1ef1c k\u00ec \u0111\u1eadm tr\u00e0, ai m\u00ea \u0111\u1eadm tr\u00e0 ch\u1eafc h\u1eb3n s\u1ebd r\u1ea5t m\u00ea m\u00f3n n\u00e0y, [&hellip;]<\/p>\n","protected":false},"featured_media":6120,"comment_status":"open","ping_status":"closed","template":"","meta":[],"product_brand":[63],"product_cat":[53],"product_tag":[],"class_list":{"0":"post-5999","1":"product","2":"type-product","3":"status-publish","4":"has-post-thumbnail","6":"product_brand-yuha-tea","7":"product_cat-tra-dam-vi","9":"first","10":"instock","11":"sale","12":"shipping-taxable","13":"purchasable","14":"product-type-simple"},"jetpack_sharing_enabled":true,"_links":{"self":[{"href":"https:\/\/yuha.com.vn\/index.php\/wp-json\/wp\/v2\/product\/5999","targetHints":{"allow":["GET"]}}],"collection":[{"href":"https:\/\/yuha.com.vn\/index.php\/wp-json\/wp\/v2\/product"}],"about":[{"href":"https:\/\/yuha.com.vn\/index.php\/wp-json\/wp\/v2\/types\/product"}],"replies":[{"embeddable":true,"href":"https:\/\/yuha.com.vn\/index.php\/wp-json\/wp\/v2\/comments?post=5999"}],"version-history":[{"count":4,"href":"https:\/\/yuha.com.vn\/index.php\/wp-json\/wp\/v2\/product\/5999\/revisions"}],"predecessor-version":[{"id":6122,"href":"https:\/\/yuha.com.vn\/index.php\/wp-json\/wp\/v2\/product\/5999\/revisions\/6122"}],"wp:featuredmedia":[{"embeddable":true,"href":"https:\/\/yuha.com.vn\/index.php\/wp-json\/wp\/v2\/media\/6120"}],"wp:attachment":[{"href":"https:\/\/yuha.com.vn\/index.php\/wp-json\/wp\/v2\/media?parent=5999"}],"wp:term":[{"taxonomy":"product_brand","embeddable":true,"href":"https:\/\/yuha.com.vn\/index.php\/wp-json\/wp\/v2\/product_brand?post=5999"},{"taxonomy":"product_cat","embeddable":true,"href":"https:\/\/yuha.com.vn\/index.php\/wp-json\/wp\/v2\/product_cat?post=5999"},{"taxonomy":"product_tag","embeddable":true,"href":"https:\/\/yuha.com.vn\/index.php\/wp-json\/wp\/v2\/product_tag?post=5999"}],"curies":[{"name":"wp","href":"https:\/\/api.w.org\/{rel}","templated":true}]}}