{"id":5936,"date":"2025-07-21T09:44:11","date_gmt":"2025-07-21T02:44:11","guid":{"rendered":"https:\/\/yuha.com.vn\/?post_type=product&#038;p=5936"},"modified":"2025-08-28T17:11:41","modified_gmt":"2025-08-28T10:11:41","slug":"ca-phe-sua-da","status":"publish","type":"product","link":"https:\/\/yuha.com.vn\/index.php\/san-pham\/ca-phe-sua-da\/","title":{"rendered":"C\u00e0 Ph\u00ea S\u1eefa \u0110\u00e1"},"content":{"rendered":"<p><strong>T\u00ean s\u1ea3n ph\u1ea9m:<\/strong> C\u00e0 Ph\u00ea S\u1eefa \u0110\u00e1<\/p>\n<p><strong>Th\u00e0nh ph\u1ea7n:<\/strong> C\u00e0 Ph\u00ea, S\u1eefa \u0110\u1eb7c<\/p>\n<p><strong>M\u00f4 t\u1ea3:<\/strong> C\u00e0 ph\u00ea s\u1eefa \u0111\u00e1 t\u1eeb l\u00e2u \u0111\u00e3 l\u00e0 m\u1ed9t m\u00f3n n\u01b0\u1edbc quen thu\u1ed9c v\u1edbi ng\u01b0\u1eddi Vi\u1ec7t Nam, nh\u1edd v\u00e0o h\u01b0\u01a1ng v\u1ecb \u0111\u1eadm c\u00e0 ph\u00ea c\u00f9ng v\u1edbi h\u01b0\u01a1ng th\u01a1m c\u1ee7a c\u1ea3 ph\u00ea nguy\u00ean ch\u1ea5t d\u1ea7n tr\u1edf th\u00e0nh m\u1ed9t th\u1ee9c u\u1ed1ng y\u00eau th\u00edch, m\u00e0 \u0111\u1eb7c bi\u1ec7t h\u01a1n l\u00e0 c\u1ea3 nh\u1eefng v\u1ecb kh\u00e1ch n\u01b0\u1edbc ngo\u00e0i \u0111\u1ec1u y\u00eau th\u00edch.<\/p>\n","protected":false},"excerpt":{"rendered":"<p>T\u00ean s\u1ea3n ph\u1ea9m: C\u00e0 Ph\u00ea S\u1eefa \u0110\u00e1 Th\u00e0nh ph\u1ea7n: C\u00e0 Ph\u00ea, S\u1eefa \u0110\u1eb7c M\u00f4 t\u1ea3: C\u00e0 ph\u00ea s\u1eefa \u0111\u00e1 t\u1eeb l\u00e2u \u0111\u00e3 l\u00e0 m\u1ed9t m\u00f3n n\u01b0\u1edbc quen thu\u1ed9c v\u1edbi ng\u01b0\u1eddi Vi\u1ec7t Nam, nh\u1edd v\u00e0o h\u01b0\u01a1ng v\u1ecb \u0111\u1eadm c\u00e0 ph\u00ea c\u00f9ng v\u1edbi h\u01b0\u01a1ng th\u01a1m c\u1ee7a c\u1ea3 ph\u00ea nguy\u00ean ch\u1ea5t d\u1ea7n tr\u1edf th\u00e0nh m\u1ed9t th\u1ee9c u\u1ed1ng y\u00eau [&hellip;]<\/p>\n","protected":false},"featured_media":5939,"comment_status":"open","ping_status":"closed","template":"","meta":[],"product_brand":[63],"product_cat":[66],"product_tag":[79],"class_list":{"0":"post-5936","1":"product","2":"type-product","3":"status-publish","4":"has-post-thumbnail","6":"product_brand-yuha-tea","7":"product_cat-ca-phe","8":"product_tag-ca-phe","10":"first","11":"instock","12":"sale","13":"shipping-taxable","14":"purchasable","15":"product-type-simple"},"jetpack_sharing_enabled":true,"_links":{"self":[{"href":"https:\/\/yuha.com.vn\/index.php\/wp-json\/wp\/v2\/product\/5936","targetHints":{"allow":["GET"]}}],"collection":[{"href":"https:\/\/yuha.com.vn\/index.php\/wp-json\/wp\/v2\/product"}],"about":[{"href":"https:\/\/yuha.com.vn\/index.php\/wp-json\/wp\/v2\/types\/product"}],"replies":[{"embeddable":true,"href":"https:\/\/yuha.com.vn\/index.php\/wp-json\/wp\/v2\/comments?post=5936"}],"version-history":[{"count":1,"href":"https:\/\/yuha.com.vn\/index.php\/wp-json\/wp\/v2\/product\/5936\/revisions"}],"predecessor-version":[{"id":5943,"href":"https:\/\/yuha.com.vn\/index.php\/wp-json\/wp\/v2\/product\/5936\/revisions\/5943"}],"wp:featuredmedia":[{"embeddable":true,"href":"https:\/\/yuha.com.vn\/index.php\/wp-json\/wp\/v2\/media\/5939"}],"wp:attachment":[{"href":"https:\/\/yuha.com.vn\/index.php\/wp-json\/wp\/v2\/media?parent=5936"}],"wp:term":[{"taxonomy":"product_brand","embeddable":true,"href":"https:\/\/yuha.com.vn\/index.php\/wp-json\/wp\/v2\/product_brand?post=5936"},{"taxonomy":"product_cat","embeddable":true,"href":"https:\/\/yuha.com.vn\/index.php\/wp-json\/wp\/v2\/product_cat?post=5936"},{"taxonomy":"product_tag","embeddable":true,"href":"https:\/\/yuha.com.vn\/index.php\/wp-json\/wp\/v2\/product_tag?post=5936"}],"curies":[{"name":"wp","href":"https:\/\/api.w.org\/{rel}","templated":true}]}}