{"id":5895,"date":"2025-07-19T09:44:45","date_gmt":"2025-07-19T02:44:45","guid":{"rendered":"https:\/\/yuha.com.vn\/?post_type=product&#038;p=5895"},"modified":"2025-07-21T09:32:59","modified_gmt":"2025-07-21T02:32:59","slug":"tra-mang-cau-2","status":"publish","type":"product","link":"https:\/\/yuha.com.vn\/index.php\/san-pham\/tra-mang-cau-2\/","title":{"rendered":"Tr\u00e0 M\u00e3ng C\u1ea7u"},"content":{"rendered":"<p><strong>T\u00ean s\u1ea3n ph\u1ea9m:<\/strong> Tr\u00e0 M\u00e3ng C\u1ea7u<\/p>\n<p><strong>Th\u00e0nh ph\u1ea7n:<\/strong> Tr\u00e0 olong \u1ee7 l\u1ea1nh, m\u00e3ng c\u1ea7u t\u01b0\u01a1i<\/p>\n<p><strong>M\u00f4 t\u1ea3:<\/strong> Tr\u00e0 m\u00e3ng c\u1ea7u t\u01b0\u01a1i m\u1ed9t trong nh\u1eefng m\u00f3n hot r\u1ea7m r\u1ed9 n\u0103m 2023 nh\u1edd v\u00e0o h\u01b0\u01a1ng v\u1ecb ngon v\u00e0 nguy\u00ean li\u1ec7u thu\u1ea7n Vi\u1ec7t Nam, \u0111\u00e3 gi\u00fap tr\u00e0 m\u00e3ng c\u1ea7u t\u01b0\u01a1i thu\u1ed9c top c\u00e1c m\u00f3n n\u01b0\u1edbc \u0111\u01b0\u1ee3c y\u00eau th\u00edch. N\u1ebfu nh\u01b0 b\u1ea1n th\u00edch h\u01b0\u01a1ng v\u1ecb chua chua ng\u1ecdt ng\u1ecdt ph\u1ea3i ch\u1ecdn ngay tr\u00e0 m\u00e3ng c\u1ea7u t\u01b0\u01a1i.<\/p>\n","protected":false},"excerpt":{"rendered":"<p>T\u00ean s\u1ea3n ph\u1ea9m: Tr\u00e0 M\u00e3ng C\u1ea7u Th\u00e0nh ph\u1ea7n: Tr\u00e0 olong \u1ee7 l\u1ea1nh, m\u00e3ng c\u1ea7u t\u01b0\u01a1i M\u00f4 t\u1ea3: Tr\u00e0 m\u00e3ng c\u1ea7u t\u01b0\u01a1i m\u1ed9t trong nh\u1eefng m\u00f3n hot r\u1ea7m r\u1ed9 n\u0103m 2023 nh\u1edd v\u00e0o h\u01b0\u01a1ng v\u1ecb ngon v\u00e0 nguy\u00ean li\u1ec7u thu\u1ea7n Vi\u1ec7t Nam, \u0111\u00e3 gi\u00fap tr\u00e0 m\u00e3ng c\u1ea7u t\u01b0\u01a1i thu\u1ed9c top c\u00e1c m\u00f3n n\u01b0\u1edbc \u0111\u01b0\u1ee3c y\u00eau th\u00edch. [&hellip;]<\/p>\n","protected":false},"featured_media":5935,"comment_status":"open","ping_status":"closed","template":"","meta":[],"product_brand":[63],"product_cat":[52],"product_tag":[],"class_list":{"0":"post-5895","1":"product","2":"type-product","3":"status-publish","4":"has-post-thumbnail","6":"product_brand-yuha-tea","7":"product_cat-tra-trai-cay","9":"first","10":"instock","11":"sale","12":"shipping-taxable","13":"purchasable","14":"product-type-simple"},"jetpack_sharing_enabled":true,"_links":{"self":[{"href":"https:\/\/yuha.com.vn\/index.php\/wp-json\/wp\/v2\/product\/5895","targetHints":{"allow":["GET"]}}],"collection":[{"href":"https:\/\/yuha.com.vn\/index.php\/wp-json\/wp\/v2\/product"}],"about":[{"href":"https:\/\/yuha.com.vn\/index.php\/wp-json\/wp\/v2\/types\/product"}],"replies":[{"embeddable":true,"href":"https:\/\/yuha.com.vn\/index.php\/wp-json\/wp\/v2\/comments?post=5895"}],"version-history":[{"count":2,"href":"https:\/\/yuha.com.vn\/index.php\/wp-json\/wp\/v2\/product\/5895\/revisions"}],"predecessor-version":[{"id":5899,"href":"https:\/\/yuha.com.vn\/index.php\/wp-json\/wp\/v2\/product\/5895\/revisions\/5899"}],"wp:featuredmedia":[{"embeddable":true,"href":"https:\/\/yuha.com.vn\/index.php\/wp-json\/wp\/v2\/media\/5935"}],"wp:attachment":[{"href":"https:\/\/yuha.com.vn\/index.php\/wp-json\/wp\/v2\/media?parent=5895"}],"wp:term":[{"taxonomy":"product_brand","embeddable":true,"href":"https:\/\/yuha.com.vn\/index.php\/wp-json\/wp\/v2\/product_brand?post=5895"},{"taxonomy":"product_cat","embeddable":true,"href":"https:\/\/yuha.com.vn\/index.php\/wp-json\/wp\/v2\/product_cat?post=5895"},{"taxonomy":"product_tag","embeddable":true,"href":"https:\/\/yuha.com.vn\/index.php\/wp-json\/wp\/v2\/product_tag?post=5895"}],"curies":[{"name":"wp","href":"https:\/\/api.w.org\/{rel}","templated":true}]}}