{"id":5881,"date":"2025-07-19T09:32:58","date_gmt":"2025-07-19T02:32:58","guid":{"rendered":"https:\/\/yuha.com.vn\/?post_type=product&#038;p=5881"},"modified":"2025-07-19T12:02:00","modified_gmt":"2025-07-19T05:02:00","slug":"tra-dao-huong-tieu","status":"publish","type":"product","link":"https:\/\/yuha.com.vn\/index.php\/san-pham\/tra-dao-huong-tieu\/","title":{"rendered":"Tr\u00e0 \u0110\u00e0o H\u01b0\u01a1ng Ti\u00eau"},"content":{"rendered":"<p><strong>T\u00ean s\u1ea3n ph\u1ea9m:<\/strong> Tr\u00e0 \u0110\u00e0o H\u01b0\u01a1ng Ti\u00eau<\/p>\n<p><strong>Th\u00e0nh ph\u1ea7n:<\/strong> Tr\u00e0 \u1ee7 L\u1ea1nh, \u0110\u00e0o, Chu\u1ed1i<\/p>\n<p><strong>M\u00f4 t\u1ea3:<\/strong> M\u1ed9t s\u1ef1 k\u1ebft h\u1ee3p ho\u00e0n h\u1ea3o mang \u0111\u1ebfn h\u01b0\u01a1ng v\u1ecb c\u1ef1c k\u00ec th\u00fa v\u1ecb t\u1eeb tr\u00e0 \u1ee7 l\u1ea1nh k\u1ebft h\u1ee3p v\u1edbi \u0111\u00e0o t\u01b0\u01a1i mang l\u1ea1i v\u1ecb ng\u1ecdt thanh m\u00e1t, c\u00f9ng v\u1edbi chu\u1ed1i mang \u0111\u1ebfn m\u1ed9t tr\u1ea3i nghi\u1ec7m m\u1edbi m\u1ebb th\u00fa v\u1ecb cho ng\u01b0\u1eddi u\u1ed1ng<\/p>\n","protected":false},"excerpt":{"rendered":"<p>T\u00ean s\u1ea3n ph\u1ea9m: Tr\u00e0 \u0110\u00e0o H\u01b0\u01a1ng Ti\u00eau Th\u00e0nh ph\u1ea7n: Tr\u00e0 \u1ee7 L\u1ea1nh, \u0110\u00e0o, Chu\u1ed1i M\u00f4 t\u1ea3: M\u1ed9t s\u1ef1 k\u1ebft h\u1ee3p ho\u00e0n h\u1ea3o mang \u0111\u1ebfn h\u01b0\u01a1ng v\u1ecb c\u1ef1c k\u00ec th\u00fa v\u1ecb t\u1eeb tr\u00e0 \u1ee7 l\u1ea1nh k\u1ebft h\u1ee3p v\u1edbi \u0111\u00e0o t\u01b0\u01a1i mang l\u1ea1i v\u1ecb ng\u1ecdt thanh m\u00e1t, c\u00f9ng v\u1edbi chu\u1ed1i mang \u0111\u1ebfn m\u1ed9t tr\u1ea3i nghi\u1ec7m m\u1edbi m\u1ebb [&hellip;]<\/p>\n","protected":false},"featured_media":5925,"comment_status":"open","ping_status":"closed","template":"","meta":[],"product_brand":[63],"product_cat":[52],"product_tag":[],"class_list":{"0":"post-5881","1":"product","2":"type-product","3":"status-publish","4":"has-post-thumbnail","6":"product_brand-yuha-tea","7":"product_cat-tra-trai-cay","9":"first","10":"instock","11":"sale","12":"shipping-taxable","13":"purchasable","14":"product-type-simple"},"jetpack_sharing_enabled":true,"_links":{"self":[{"href":"https:\/\/yuha.com.vn\/index.php\/wp-json\/wp\/v2\/product\/5881","targetHints":{"allow":["GET"]}}],"collection":[{"href":"https:\/\/yuha.com.vn\/index.php\/wp-json\/wp\/v2\/product"}],"about":[{"href":"https:\/\/yuha.com.vn\/index.php\/wp-json\/wp\/v2\/types\/product"}],"replies":[{"embeddable":true,"href":"https:\/\/yuha.com.vn\/index.php\/wp-json\/wp\/v2\/comments?post=5881"}],"version-history":[{"count":3,"href":"https:\/\/yuha.com.vn\/index.php\/wp-json\/wp\/v2\/product\/5881\/revisions"}],"predecessor-version":[{"id":5928,"href":"https:\/\/yuha.com.vn\/index.php\/wp-json\/wp\/v2\/product\/5881\/revisions\/5928"}],"wp:featuredmedia":[{"embeddable":true,"href":"https:\/\/yuha.com.vn\/index.php\/wp-json\/wp\/v2\/media\/5925"}],"wp:attachment":[{"href":"https:\/\/yuha.com.vn\/index.php\/wp-json\/wp\/v2\/media?parent=5881"}],"wp:term":[{"taxonomy":"product_brand","embeddable":true,"href":"https:\/\/yuha.com.vn\/index.php\/wp-json\/wp\/v2\/product_brand?post=5881"},{"taxonomy":"product_cat","embeddable":true,"href":"https:\/\/yuha.com.vn\/index.php\/wp-json\/wp\/v2\/product_cat?post=5881"},{"taxonomy":"product_tag","embeddable":true,"href":"https:\/\/yuha.com.vn\/index.php\/wp-json\/wp\/v2\/product_tag?post=5881"}],"curies":[{"name":"wp","href":"https:\/\/api.w.org\/{rel}","templated":true}]}}