{"id":5870,"date":"2025-07-19T09:13:35","date_gmt":"2025-07-19T02:13:35","guid":{"rendered":"https:\/\/yuha.com.vn\/?post_type=product&#038;p=5870"},"modified":"2025-07-23T16:51:37","modified_gmt":"2025-07-23T09:51:37","slug":"tra-da-tu-chi","status":"publish","type":"product","link":"https:\/\/yuha.com.vn\/index.php\/san-pham\/tra-da-tu-chi\/","title":{"rendered":"Tr\u00e0 D\u1ea1 T\u1eed Chi"},"content":{"rendered":"<p>T\u00ean s\u1ea3n ph\u1ea9m: Tr\u00e0 D\u1ea1 T\u1eed Chi<\/p>\n<p>Th\u00e0nh ph\u1ea7n: Kiwi, d\u1eeba, h\u1ea1t chia, th\u1ea1ch nha \u0111am t\u01b0\u01a1i<\/p>\n<p>M\u00f4 t\u1ea3: Th\u1eed ngay h\u01b0\u01a1ng v\u1ecb m\u1edbi m\u1ebb Tr\u00e0 D\u1ea1 T\u1eed Chi, \u0111\u00e2y l\u00e0 s\u1ef1 k\u1ebft h\u1ee3p \u0111\u1ed9c \u0111\u00e1o t\u1eeb tr\u00e0 olong \u1ee7 l\u1ea1nh c\u00f9ng v\u1edbi kiwi, d\u1eeba v\u00e0 h\u1ea1t chia mang l\u1ea1i h\u01b0\u01a1ng v\u1ecb thanh m\u00e1t, h\u1ea1t chia t\u1ed1t cho s\u1ee9c kh\u1ecfe c\u00f2n g\u00ec tuy\u00eath v\u1eddi h\u01a1n khi \u0111\u01b0\u1ee3c th\u01b0\u1edfng th\u1ee9c ly tr\u00e0 ngon v\u00e0o ng\u00e0y n\u1eafng n\u00f3ng<\/p>\n","protected":false},"excerpt":{"rendered":"<p>T\u00ean s\u1ea3n ph\u1ea9m: Tr\u00e0 D\u1ea1 T\u1eed Chi Th\u00e0nh ph\u1ea7n: Kiwi, d\u1eeba, h\u1ea1t chia, th\u1ea1ch nha \u0111am t\u01b0\u01a1i M\u00f4 t\u1ea3: Th\u1eed ngay h\u01b0\u01a1ng v\u1ecb m\u1edbi m\u1ebb Tr\u00e0 D\u1ea1 T\u1eed Chi, \u0111\u00e2y l\u00e0 s\u1ef1 k\u1ebft h\u1ee3p \u0111\u1ed9c \u0111\u00e1o t\u1eeb tr\u00e0 olong \u1ee7 l\u1ea1nh c\u00f9ng v\u1edbi kiwi, d\u1eeba v\u00e0 h\u1ea1t chia mang l\u1ea1i h\u01b0\u01a1ng v\u1ecb thanh m\u00e1t, h\u1ea1t [&hellip;]<\/p>\n","protected":false},"featured_media":6076,"comment_status":"open","ping_status":"closed","template":"","meta":[],"product_brand":[63],"product_cat":[52],"product_tag":[],"class_list":{"0":"post-5870","1":"product","2":"type-product","3":"status-publish","4":"has-post-thumbnail","6":"product_brand-yuha-tea","7":"product_cat-tra-trai-cay","9":"first","10":"instock","11":"sale","12":"shipping-taxable","13":"purchasable","14":"product-type-simple"},"jetpack_sharing_enabled":true,"_links":{"self":[{"href":"https:\/\/yuha.com.vn\/index.php\/wp-json\/wp\/v2\/product\/5870","targetHints":{"allow":["GET"]}}],"collection":[{"href":"https:\/\/yuha.com.vn\/index.php\/wp-json\/wp\/v2\/product"}],"about":[{"href":"https:\/\/yuha.com.vn\/index.php\/wp-json\/wp\/v2\/types\/product"}],"replies":[{"embeddable":true,"href":"https:\/\/yuha.com.vn\/index.php\/wp-json\/wp\/v2\/comments?post=5870"}],"version-history":[{"count":1,"href":"https:\/\/yuha.com.vn\/index.php\/wp-json\/wp\/v2\/product\/5870\/revisions"}],"predecessor-version":[{"id":5874,"href":"https:\/\/yuha.com.vn\/index.php\/wp-json\/wp\/v2\/product\/5870\/revisions\/5874"}],"wp:featuredmedia":[{"embeddable":true,"href":"https:\/\/yuha.com.vn\/index.php\/wp-json\/wp\/v2\/media\/6076"}],"wp:attachment":[{"href":"https:\/\/yuha.com.vn\/index.php\/wp-json\/wp\/v2\/media?parent=5870"}],"wp:term":[{"taxonomy":"product_brand","embeddable":true,"href":"https:\/\/yuha.com.vn\/index.php\/wp-json\/wp\/v2\/product_brand?post=5870"},{"taxonomy":"product_cat","embeddable":true,"href":"https:\/\/yuha.com.vn\/index.php\/wp-json\/wp\/v2\/product_cat?post=5870"},{"taxonomy":"product_tag","embeddable":true,"href":"https:\/\/yuha.com.vn\/index.php\/wp-json\/wp\/v2\/product_tag?post=5870"}],"curies":[{"name":"wp","href":"https:\/\/api.w.org\/{rel}","templated":true}]}}