{"id":5862,"date":"2025-07-19T09:02:22","date_gmt":"2025-07-19T02:02:22","guid":{"rendered":"https:\/\/yuha.com.vn\/?post_type=product&#038;p=5862"},"modified":"2025-07-19T11:38:13","modified_gmt":"2025-07-19T04:38:13","slug":"tra-ty-muoi","status":"publish","type":"product","link":"https:\/\/yuha.com.vn\/index.php\/san-pham\/tra-ty-muoi\/","title":{"rendered":"Tr\u00e0 T\u1ef7 Mu\u1ed9i"},"content":{"rendered":"<p>T\u00ean s\u1ea3n ph\u1ea9m: Tr\u00e0 T\u1ef7 Mu\u1ed9i<\/p>\n<p>Th\u00e0nh ph\u1ea7n: Tr\u00e0 olong \u1ee7 l\u1ea1nh, t\u1eafc, x\u00ed mu\u1ed9i<\/p>\n<p>M\u00f4 t\u1ea3: Tr\u00e0 t\u1ef7 mu\u1ed9t, hay c\u00f2n \u0111\u01b0\u1ee3c g\u1ecdi l\u00e0 tr\u00e0 t\u1eafc x\u00ed mu\u1ed9i. M\u00f3n n\u00e0y h\u1ea7u nh\u01b0 \u0111\u00e3 qu\u00e1 quen thu\u1ed9c v\u1edbi ng\u01b0\u1eddi Vi\u1ec7t Nam v\u00ec s\u1ef1 d\u00e2n d\u00e3 d\u1ea7n l\u1ea1i th\u00e0nh m\u1ed9t m\u00f3n y\u00eau th\u00edch b\u1edfi h\u01b0\u01a1ng v\u1ecb chua ng\u1ecdt, m\u1eb7n c\u1ee7a x\u00ed mu\u1ed9i. T\u1ea1i YUHA tr\u00e0 t\u1ef7 mu\u1ed9i ch\u1eafc ch\u1eafn s\u1ebd kh\u00f4ng l\u00e0m b\u1ea1n th\u1ea5t v\u1ecdng v\u00ec \u0111\u00e2y l\u00e0 m\u1ed9t m\u00f3n n\u01b0\u1edbc \u0111\u01b0\u1ee3c b\u00e1n ch\u1ea1y t\u1ea1i Yuha<\/p>\n","protected":false},"excerpt":{"rendered":"<p>T\u00ean s\u1ea3n ph\u1ea9m: Tr\u00e0 T\u1ef7 Mu\u1ed9i Th\u00e0nh ph\u1ea7n: Tr\u00e0 olong \u1ee7 l\u1ea1nh, t\u1eafc, x\u00ed mu\u1ed9i M\u00f4 t\u1ea3: Tr\u00e0 t\u1ef7 mu\u1ed9t, hay c\u00f2n \u0111\u01b0\u1ee3c g\u1ecdi l\u00e0 tr\u00e0 t\u1eafc x\u00ed mu\u1ed9i. M\u00f3n n\u00e0y h\u1ea7u nh\u01b0 \u0111\u00e3 qu\u00e1 quen thu\u1ed9c v\u1edbi ng\u01b0\u1eddi Vi\u1ec7t Nam v\u00ec s\u1ef1 d\u00e2n d\u00e3 d\u1ea7n l\u1ea1i th\u00e0nh m\u1ed9t m\u00f3n y\u00eau th\u00edch b\u1edfi h\u01b0\u01a1ng v\u1ecb [&hellip;]<\/p>\n","protected":false},"featured_media":5912,"comment_status":"open","ping_status":"closed","template":"","meta":[],"product_brand":[63],"product_cat":[52],"product_tag":[],"class_list":{"0":"post-5862","1":"product","2":"type-product","3":"status-publish","4":"has-post-thumbnail","6":"product_brand-yuha-tea","7":"product_cat-tra-trai-cay","9":"first","10":"instock","11":"sale","12":"shipping-taxable","13":"purchasable","14":"product-type-simple"},"jetpack_sharing_enabled":true,"_links":{"self":[{"href":"https:\/\/yuha.com.vn\/index.php\/wp-json\/wp\/v2\/product\/5862","targetHints":{"allow":["GET"]}}],"collection":[{"href":"https:\/\/yuha.com.vn\/index.php\/wp-json\/wp\/v2\/product"}],"about":[{"href":"https:\/\/yuha.com.vn\/index.php\/wp-json\/wp\/v2\/types\/product"}],"replies":[{"embeddable":true,"href":"https:\/\/yuha.com.vn\/index.php\/wp-json\/wp\/v2\/comments?post=5862"}],"version-history":[{"count":2,"href":"https:\/\/yuha.com.vn\/index.php\/wp-json\/wp\/v2\/product\/5862\/revisions"}],"predecessor-version":[{"id":5917,"href":"https:\/\/yuha.com.vn\/index.php\/wp-json\/wp\/v2\/product\/5862\/revisions\/5917"}],"wp:featuredmedia":[{"embeddable":true,"href":"https:\/\/yuha.com.vn\/index.php\/wp-json\/wp\/v2\/media\/5912"}],"wp:attachment":[{"href":"https:\/\/yuha.com.vn\/index.php\/wp-json\/wp\/v2\/media?parent=5862"}],"wp:term":[{"taxonomy":"product_brand","embeddable":true,"href":"https:\/\/yuha.com.vn\/index.php\/wp-json\/wp\/v2\/product_brand?post=5862"},{"taxonomy":"product_cat","embeddable":true,"href":"https:\/\/yuha.com.vn\/index.php\/wp-json\/wp\/v2\/product_cat?post=5862"},{"taxonomy":"product_tag","embeddable":true,"href":"https:\/\/yuha.com.vn\/index.php\/wp-json\/wp\/v2\/product_tag?post=5862"}],"curies":[{"name":"wp","href":"https:\/\/api.w.org\/{rel}","templated":true}]}}