{"id":5859,"date":"2025-07-19T08:46:13","date_gmt":"2025-07-19T01:46:13","guid":{"rendered":"https:\/\/yuha.com.vn\/?post_type=product&#038;p=5859"},"modified":"2025-07-19T11:45:50","modified_gmt":"2025-07-19T04:45:50","slug":"luc-nghien-le-vien","status":"publish","type":"product","link":"https:\/\/yuha.com.vn\/index.php\/san-pham\/luc-nghien-le-vien\/","title":{"rendered":"L\u1ee5c Nghi\u00ean L\u00ea Vi\u00ean"},"content":{"rendered":"<p><strong>T\u00ean s\u1ea3n ph\u1ea9m:<\/strong> L\u1ee5c Nghi\u00ean L\u00ea Vi\u00ean<\/p>\n<p><strong>Th\u00e0nh ph\u1ea7n:<\/strong> Tr\u00e0 \u1ee7 L\u1ea1nh, H\u1ea1t chia, Th\u1ea1ch L\u00ea<\/p>\n<p><strong>M\u00f4 t\u1ea3:<\/strong> M\u1ed9t h\u01b0\u01a1ng v\u1ecb thanh m\u00e1t tinh th\u1ea7n t\u1eeb tr\u00e0 \u1ee7 l\u1ea1nh thanh m\u00e1t k\u1ebft h\u1ee3p ho\u00e0n h\u1ea3o t\u1eeb nh\u1eefng nguy\u00ean li\u1ec7u cao c\u1ea5p t\u1eeb h\u1ea1t chia, th\u1ea1ch l\u00ea mang l\u1ea1i h\u01b0\u01a1ng v\u1ecb ng\u1ecdt tinh t\u1ebf!<\/p>\n","protected":false},"excerpt":{"rendered":"<p>T\u00ean s\u1ea3n ph\u1ea9m: L\u1ee5c Nghi\u00ean L\u00ea Vi\u00ean Th\u00e0nh ph\u1ea7n: Tr\u00e0 \u1ee7 L\u1ea1nh, H\u1ea1t chia, Th\u1ea1ch L\u00ea M\u00f4 t\u1ea3: M\u1ed9t h\u01b0\u01a1ng v\u1ecb thanh m\u00e1t tinh th\u1ea7n t\u1eeb tr\u00e0 \u1ee7 l\u1ea1nh thanh m\u00e1t k\u1ebft h\u1ee3p ho\u00e0n h\u1ea3o t\u1eeb nh\u1eefng nguy\u00ean li\u1ec7u cao c\u1ea5p t\u1eeb h\u1ea1t chia, th\u1ea1ch l\u00ea mang l\u1ea1i h\u01b0\u01a1ng v\u1ecb ng\u1ecdt tinh t\u1ebf!<\/p>\n","protected":false},"featured_media":5914,"comment_status":"open","ping_status":"closed","template":"","meta":[],"product_brand":[63],"product_cat":[52],"product_tag":[],"class_list":{"0":"post-5859","1":"product","2":"type-product","3":"status-publish","4":"has-post-thumbnail","6":"product_brand-yuha-tea","7":"product_cat-tra-trai-cay","9":"first","10":"instock","11":"sale","12":"shipping-taxable","13":"purchasable","14":"product-type-simple"},"jetpack_sharing_enabled":true,"_links":{"self":[{"href":"https:\/\/yuha.com.vn\/index.php\/wp-json\/wp\/v2\/product\/5859","targetHints":{"allow":["GET"]}}],"collection":[{"href":"https:\/\/yuha.com.vn\/index.php\/wp-json\/wp\/v2\/product"}],"about":[{"href":"https:\/\/yuha.com.vn\/index.php\/wp-json\/wp\/v2\/types\/product"}],"replies":[{"embeddable":true,"href":"https:\/\/yuha.com.vn\/index.php\/wp-json\/wp\/v2\/comments?post=5859"}],"version-history":[{"count":2,"href":"https:\/\/yuha.com.vn\/index.php\/wp-json\/wp\/v2\/product\/5859\/revisions"}],"predecessor-version":[{"id":5892,"href":"https:\/\/yuha.com.vn\/index.php\/wp-json\/wp\/v2\/product\/5859\/revisions\/5892"}],"wp:featuredmedia":[{"embeddable":true,"href":"https:\/\/yuha.com.vn\/index.php\/wp-json\/wp\/v2\/media\/5914"}],"wp:attachment":[{"href":"https:\/\/yuha.com.vn\/index.php\/wp-json\/wp\/v2\/media?parent=5859"}],"wp:term":[{"taxonomy":"product_brand","embeddable":true,"href":"https:\/\/yuha.com.vn\/index.php\/wp-json\/wp\/v2\/product_brand?post=5859"},{"taxonomy":"product_cat","embeddable":true,"href":"https:\/\/yuha.com.vn\/index.php\/wp-json\/wp\/v2\/product_cat?post=5859"},{"taxonomy":"product_tag","embeddable":true,"href":"https:\/\/yuha.com.vn\/index.php\/wp-json\/wp\/v2\/product_tag?post=5859"}],"curies":[{"name":"wp","href":"https:\/\/api.w.org\/{rel}","templated":true}]}}